{"id":19,"date":"2026-03-04T08:25:09","date_gmt":"2026-03-04T09:25:09","guid":{"rendered":"https:\/\/gray-ibis-252168.hostingersite.com\/?page_id=19"},"modified":"2026-03-17T13:16:07","modified_gmt":"2026-03-17T14:16:07","slug":"a-propos","status":"publish","type":"page","link":"https:\/\/xn--design-rnovation-energie-ifc.com\/","title":{"rendered":"Accueil"},"content":{"rendered":"\n<p class=\"has-text-align-right has-cyan-bluish-gray-background-color has-background\" style=\"font-size:0px\"><strong>Design \u2013 R\u00e9novation \u2013 \u00c9nergie<\/strong><\/p>\n\n\n\n<div class=\"wp-block-uagb-container uagb-block-64d7da15 alignfull uagb-is-root-container\">\n<div class=\"wp-block-uagb-info-box uagb-block-c26dae6a uagb-infobox__content-wrap  uagb-infobox-icon-above-title uagb-infobox-image-valign-top\"><div class=\"uagb-ifb-content\"><div class=\"uagb-ifb-title-wrap\"><h3 class=\"uagb-ifb-title\">DRE<\/h3><\/div><p class=\"uagb-ifb-desc\">Design R\u00e9novation \u00c9nergie est un bureau d\u2019\u00e9tude sp\u00e9cialis\u00e9 dans<br>l\u2019analyse, la r\u00e9novation et l\u2019optimisation \u00e9nerg\u00e9tique des b\u00e2timents.<br>Nous accompagnons les projets depuis l\u2019\u00e9tude du b\u00e2timent jusqu\u2019aux<br>propositions d\u2019am\u00e9lioration et \u00e0 la conception des espaces.<br>Notre objectif est de concilier qualit\u00e9 architecturale, confort des usagers<br><\/p><\/div><\/div>\n<\/div>\n\n\n\n<div style=\"height:43px\" aria-hidden=\"true\" class=\"wp-block-spacer\"><\/div>\n\n\n\n<div class=\"wp-block-columns is-layout-flex wp-container-core-columns-is-layout-28f84493 wp-block-columns-is-layout-flex\">\n<div class=\"wp-block-column is-layout-flow wp-block-column-is-layout-flow\">\n<h2 class=\"wp-block-heading has-text-align-center has-large-font-size\">Conception Design<\/h2>\n\n\n\n<p class=\"has-medium-font-size\">Analyse de l\u2019espace et conception architecturale adapt\u00e9e au b\u00e2timent.<\/p>\n<\/div>\n\n\n\n<div class=\"wp-block-column is-layout-flow wp-block-column-is-layout-flow\">\n<h2 class=\"wp-block-heading has-text-align-center has-large-font-size\">\u00c9tudes \u00e9nerg\u00e9tiques<\/h2>\n\n\n\n<p class=\"has-medium-font-size\">Diagnostic thermique et optimisation des performances \u00e9nerg\u00e9tiques.<\/p>\n\n\n\n<p style=\"font-size:0px\"><\/p>\n<\/div>\n\n\n\n<div class=\"wp-block-column is-layout-flow wp-block-column-is-layout-flow\">\n<h2 class=\"wp-block-heading has-text-align-center has-large-font-size\">R\u00e9novation<\/h2>\n\n\n\n<p class=\"has-medium-font-size\">Propositions de transformation pour am\u00e9liorer confort et durabilit\u00e9.<\/p>\n<\/div>\n<\/div>\n\n\n\n<p style=\"font-size:0px\"><\/p>\n\n\n\n<p style=\"font-size:0px\"><\/p>\n\n\n\n<p><\/p>\n","protected":false},"excerpt":{"rendered":"<p>Design \u2013 R\u00e9novation \u2013 \u00c9nergie Conception Design Analyse de l\u2019espace et conception architecturale adapt\u00e9e au b\u00e2timent. \u00c9tudes \u00e9nerg\u00e9tiques Diagnostic thermique [&hellip;]<\/p>\n","protected":false},"author":1,"featured_media":0,"parent":0,"menu_order":0,"comment_status":"closed","ping_status":"closed","template":"","meta":{"_uag_custom_page_level_css":"","site-sidebar-layout":"default","site-content-layout":"","ast-site-content-layout":"default","site-content-style":"default","site-sidebar-style":"default","ast-global-header-display":"","ast-banner-title-visibility":"","ast-main-header-display":"","ast-hfb-above-header-display":"","ast-hfb-below-header-display":"","ast-hfb-mobile-header-display":"","site-post-title":"","ast-breadcrumbs-content":"","ast-featured-img":"disabled","footer-sml-layout":"","ast-disable-related-posts":"","theme-transparent-header-meta":"","adv-header-id-meta":"","stick-header-meta":"","header-above-stick-meta":"","header-main-stick-meta":"","header-below-stick-meta":"","astra-migrate-meta-layouts":"default","ast-page-background-enabled":"default","ast-page-background-meta":{"desktop":{"background-color":"var(--ast-global-color-5)","background-image":"","background-repeat":"repeat","background-position":"center center","background-size":"auto","background-attachment":"scroll","background-type":"","background-media":"","overlay-type":"","overlay-color":"","overlay-opacity":"","overlay-gradient":""},"tablet":{"background-color":"","background-image":"","background-repeat":"repeat","background-position":"center center","background-size":"auto","background-attachment":"scroll","background-type":"","background-media":"","overlay-type":"","overlay-color":"","overlay-opacity":"","overlay-gradient":""},"mobile":{"background-color":"","background-image":"","background-repeat":"repeat","background-position":"center center","background-size":"auto","background-attachment":"scroll","background-type":"","background-media":"","overlay-type":"","overlay-color":"","overlay-opacity":"","overlay-gradient":""}},"ast-content-background-meta":{"desktop":{"background-color":"var(--ast-global-color-4)","background-image":"","background-repeat":"repeat","background-position":"center center","background-size":"auto","background-attachment":"scroll","background-type":"","background-media":"","overlay-type":"","overlay-color":"","overlay-opacity":"","overlay-gradient":""},"tablet":{"background-color":"var(--ast-global-color-4)","background-image":"","background-repeat":"repeat","background-position":"center center","background-size":"auto","background-attachment":"scroll","background-type":"","background-media":"","overlay-type":"","overlay-color":"","overlay-opacity":"","overlay-gradient":""},"mobile":{"background-color":"var(--ast-global-color-4)","background-image":"","background-repeat":"repeat","background-position":"center center","background-size":"auto","background-attachment":"scroll","background-type":"","background-media":"","overlay-type":"","overlay-color":"","overlay-opacity":"","overlay-gradient":""}},"footnotes":""},"class_list":["post-19","page","type-page","status-publish","hentry"],"uagb_featured_image_src":{"full":false,"thumbnail":false,"medium":false,"medium_large":false,"large":false,"1536x1536":false,"2048x2048":false},"uagb_author_info":{"display_name":"boassida@gmail.com","author_link":"https:\/\/xn--design-rnovation-energie-ifc.com\/?author=1"},"uagb_comment_info":0,"uagb_excerpt":"Design \u2013 R\u00e9novation \u2013 \u00c9nergie Conception Design Analyse de l\u2019espace et conception architecturale adapt\u00e9e au b\u00e2timent. \u00c9tudes \u00e9nerg\u00e9tiques Diagnostic thermique [&hellip;]","_links":{"self":[{"href":"https:\/\/xn--design-rnovation-energie-ifc.com\/index.php?rest_route=\/wp\/v2\/pages\/19","targetHints":{"allow":["GET"]}}],"collection":[{"href":"https:\/\/xn--design-rnovation-energie-ifc.com\/index.php?rest_route=\/wp\/v2\/pages"}],"about":[{"href":"https:\/\/xn--design-rnovation-energie-ifc.com\/index.php?rest_route=\/wp\/v2\/types\/page"}],"author":[{"embeddable":true,"href":"https:\/\/xn--design-rnovation-energie-ifc.com\/index.php?rest_route=\/wp\/v2\/users\/1"}],"replies":[{"embeddable":true,"href":"https:\/\/xn--design-rnovation-energie-ifc.com\/index.php?rest_route=%2Fwp%2Fv2%2Fcomments&post=19"}],"version-history":[{"count":30,"href":"https:\/\/xn--design-rnovation-energie-ifc.com\/index.php?rest_route=\/wp\/v2\/pages\/19\/revisions"}],"predecessor-version":[{"id":516,"href":"https:\/\/xn--design-rnovation-energie-ifc.com\/index.php?rest_route=\/wp\/v2\/pages\/19\/revisions\/516"}],"wp:attachment":[{"href":"https:\/\/xn--design-rnovation-energie-ifc.com\/index.php?rest_route=%2Fwp%2Fv2%2Fmedia&parent=19"}],"curies":[{"name":"wp","href":"https:\/\/api.w.org\/{rel}","templated":true}]}}